{"id":1398,"date":"2024-03-01T09:22:14","date_gmt":"2024-03-01T08:22:14","guid":{"rendered":"https:\/\/matissart.com\/?page_id=1398"},"modified":"2024-04-04T10:04:33","modified_gmt":"2024-04-04T08:04:33","slug":"nos-offres","status":"publish","type":"page","link":"https:\/\/matissart.com\/fr\/nos-offres\/","title":{"rendered":"Nos Offres"},"content":{"rendered":"\n<div class=\"wp-block-buttons is-content-justification-center is-layout-flex wp-container-core-buttons-is-layout-16018d1d wp-block-buttons-is-layout-flex\">\n<div class=\"wp-block-button has-custom-width wp-block-button__width-50 has-custom-font-size py-2 has-medium-font-size\"><a class=\"wp-block-button__link has-background wp-element-button\" href=\"\/postes-a-pourvoir\" style=\"border-radius:0px;background-color:#2c4232\">Voir les postes \u00e0 pourvoir<\/a><\/div>\n<\/div>\n\n\n\n<div class=\"wp-block-buttons is-content-justification-center is-layout-flex wp-container-core-buttons-is-layout-16018d1d wp-block-buttons-is-layout-flex\">\n<div class=\"wp-block-button has-custom-width wp-block-button__width-50 py-2\"><a class=\"wp-block-button__link wp-element-button\" href=\"\/nous-contacter\/?v=Recrutement\" style=\"border-radius:0px\">Formulaire de recrutement<\/a><\/div>\n<\/div>\n\n\n\n<div class=\"wp-block-columns container  py-3 pt-lg-5 is-layout-flex wp-container-core-columns-is-layout-9d6595d7 wp-block-columns-is-layout-flex\">\n<div class=\"wp-block-column is-layout-flow wp-block-column-is-layout-flow\" style=\"flex-basis:33.33%\">\n<div class=\"wp-block-group\"><div class=\"wp-block-group__inner-container is-layout-constrained wp-block-group-is-layout-constrained\">\n<div class=\"wp-block-group is-vertical is-layout-flex wp-container-core-group-is-layout-8cf370e7 wp-block-group-is-layout-flex\">\n<figure class=\"wp-block-image size-full mx-auto img-thumbnail\"><img loading=\"lazy\" decoding=\"async\" width=\"500\" height=\"500\" src=\"https:\/\/matissart.com\/wp-content\/uploads\/2024\/03\/Plan-de-travail-1.jpg\" alt=\"Image d'un compagnon Matissart prenant des notes\" class=\"wp-image-1479\" srcset=\"https:\/\/matissart.com\/fr\/wp-content\/uploads\/sites\/10\/2024\/03\/Plan-de-travail-1.jpg 500w, https:\/\/matissart.com\/fr\/wp-content\/uploads\/sites\/10\/2024\/03\/Plan-de-travail-1-300x300.jpg 300w, https:\/\/matissart.com\/fr\/wp-content\/uploads\/sites\/10\/2024\/03\/Plan-de-travail-1-150x150.jpg 150w\" sizes=\"auto, (max-width: 500px) 100vw, 500px\" \/><\/figure>\n\n\n\n<h3 class=\"wp-block-heading has-text-align-left mt-3\">Des emplois \u00e0 pourvoir<\/h3>\n\n\n\n<p>Afin de renforcer notre \u00e9quipe, nous avons plusieurs postes \u00e0 pourvoir. <a href=\"\/nous-contacter\/?v=Recrutement\">Remplissez le formulaire <\/a>et n\u2019h\u00e9sitez-pas \u00e0 nous contacter.&nbsp;<\/p>\n\n\n\n<ul class=\"wp-block-list\">\n<li>Ajusteurs Moulistes<\/li>\n\n\n\n<li>Fraiseurs CN exp\u00e9riment\u00e9s.<\/li>\n\n\n\n<li>Technicien Atelier ou Ajusteur&nbsp;<\/li>\n\n\n\n<li>Ing\u00e9nieur CFAO<\/li>\n<\/ul>\n<\/div>\n<\/div><\/div>\n<\/div>\n\n\n\n<div class=\"wp-block-column is-layout-flow wp-block-column-is-layout-flow\" style=\"flex-basis:33.33%\">\n<div class=\"wp-block-group\"><div class=\"wp-block-group__inner-container is-layout-constrained wp-block-group-is-layout-constrained\">\n<div class=\"wp-block-group is-vertical is-layout-flex wp-container-core-group-is-layout-8cf370e7 wp-block-group-is-layout-flex\">\n<figure class=\"wp-block-image size-full img-thumbnail\"><img loading=\"lazy\" decoding=\"async\" width=\"500\" height=\"500\" src=\"https:\/\/matissart.com\/wp-content\/uploads\/2024\/03\/expert-comm-1-sq.jpg\" alt=\"Image d'un expert Matissart ajustant des param\u00e8tres sur une machine d'extrusion-soufflage\" class=\"wp-image-1468\" srcset=\"https:\/\/matissart.com\/fr\/wp-content\/uploads\/sites\/10\/2024\/03\/expert-comm-1-sq.jpg 500w, https:\/\/matissart.com\/fr\/wp-content\/uploads\/sites\/10\/2024\/03\/expert-comm-1-sq-300x300.jpg 300w, https:\/\/matissart.com\/fr\/wp-content\/uploads\/sites\/10\/2024\/03\/expert-comm-1-sq-150x150.jpg 150w\" sizes=\"auto, (max-width: 500px) 100vw, 500px\" \/><\/figure>\n\n\n\n<h3 class=\"wp-block-heading mt-3\">Des Stages et des apprentissages<\/h3>\n\n\n\n<p>Notre ma\u00eetres apprentis et directeurs de stage vous attendent&nbsp;! Venez vous former au service de l\u2019industrie de demain&nbsp;!<\/p>\n<\/div>\n<\/div><\/div>\n<\/div>\n\n\n\n<div class=\"wp-block-column is-layout-flow wp-block-column-is-layout-flow\" style=\"flex-basis:33.3%\">\n<div class=\"wp-block-group\"><div class=\"wp-block-group__inner-container is-layout-constrained wp-block-group-is-layout-constrained\">\n<div class=\"wp-block-group is-vertical is-layout-flex wp-container-core-group-is-layout-8cf370e7 wp-block-group-is-layout-flex\">\n<figure class=\"wp-block-image size-full mx-auto img-thumbnail\"><img loading=\"lazy\" decoding=\"async\" width=\"500\" height=\"500\" src=\"https:\/\/matissart.com\/wp-content\/uploads\/2024\/03\/ateier-2-sq.jpg\" alt=\"Image d'un compagnon Matissart ajustant un moule multi-empreinte de flacon yaourt \u00e0 boire\" class=\"wp-image-1471\" srcset=\"https:\/\/matissart.com\/fr\/wp-content\/uploads\/sites\/10\/2024\/03\/ateier-2-sq.jpg 500w, https:\/\/matissart.com\/fr\/wp-content\/uploads\/sites\/10\/2024\/03\/ateier-2-sq-300x300.jpg 300w, https:\/\/matissart.com\/fr\/wp-content\/uploads\/sites\/10\/2024\/03\/ateier-2-sq-150x150.jpg 150w\" sizes=\"auto, (max-width: 500px) 100vw, 500px\" \/><\/figure>\n\n\n\n<h3 class=\"wp-block-heading has-text-align-left mt-3\">Apprentissage<\/h3>\n\n\n\n<p>Dans le cadre de son d\u00e9veloppement, MATISSART NORD est soucieuse de rencontrer de nouveaux talents. Pour ce faire, nous prenons r\u00e9guli\u00e8rement des stagiaires issus de diff\u00e9rentes formations <strong>: Lyc\u00e9es professionnels, Lyc\u00e9es Techniques, IUT, Facult\u00e9s, Ecoles d&rsquo;Ing\u00e9nieurs, Ecoles de Commerce, formations professionnelles, etc<\/strong>. Ces stages peuvent \u00eatre effectu\u00e9s dans diff\u00e9rents services :<\/p>\n\n\n\n<ul class=\"wp-block-list\">\n<li>Ateliers de Maintenance.<\/li>\n\n\n\n<li>Atelier de Moules Neufs.<\/li>\n\n\n\n<li>Bureau d&rsquo;Etudes.<\/li>\n\n\n\n<li>Service Qualit\u00e9.<\/li>\n\n\n\n<li>Service Achat.<\/li>\n\n\n\n<li>Service Commercial.<\/li>\n<\/ul>\n\n\n\n<p>Certains stages peuvent porter sur des sujets techniques faisant appels \u00e0 diff\u00e9rentes comp\u00e9tences. Ils sont g\u00e9n\u00e9ralement destin\u00e9s aux \u00e9l\u00e8ves de niveau Bac+2 au minimum.<\/p>\n\n\n\n<p>Pour tous les stages, veuillez nous faire parvenir plusieurs mois \u00e0 l&rsquo;avance votre CV, une lettre de motivation. Pour compl\u00e9ter notre dossier un relev\u00e9 de notes pourra vous \u00eatre r\u00e9clam\u00e9.<\/p>\n<\/div>\n<\/div><\/div>\n<\/div>\n<\/div>\n","protected":false},"excerpt":{"rendered":"<p>Des emplois \u00e0 pourvoir Afin de renforcer notre \u00e9quipe, nous avons plusieurs postes \u00e0 pourvoir. Remplissez le formulaire et n\u2019h\u00e9sitez-pas \u00e0 nous contacter.&nbsp; Des Stages et des apprentissages Notre ma\u00eetres apprentis et directeurs de stage vous attendent&nbsp;! Venez vous former au service de l\u2019industrie de demain&nbsp;! Apprentissage Dans le cadre de son d\u00e9veloppement, MATISSART NORD [&hellip;]<\/p>\n","protected":false},"author":1,"featured_media":0,"parent":0,"menu_order":21,"comment_status":"closed","ping_status":"closed","template":"","meta":{"_acf_changed":false,"inline_featured_image":false,"slim_seo":{"title":"Nos Offres - Matissart","description":"Des emplois \u00e0 pourvoir Afin de renforcer notre \u00e9quipe, nous avons plusieurs postes \u00e0 pourvoir. Remplissez le formulaire et n\u2019h\u00e9sitez-pas \u00e0 nous contacter.&nbsp;"},"footnotes":""},"class_list":["post-1398","page","type-page","status-publish","hentry"],"acf":[],"_links":{"self":[{"href":"https:\/\/matissart.com\/fr\/wp-json\/wp\/v2\/pages\/1398","targetHints":{"allow":["GET"]}}],"collection":[{"href":"https:\/\/matissart.com\/fr\/wp-json\/wp\/v2\/pages"}],"about":[{"href":"https:\/\/matissart.com\/fr\/wp-json\/wp\/v2\/types\/page"}],"author":[{"embeddable":true,"href":"https:\/\/matissart.com\/fr\/wp-json\/wp\/v2\/users\/1"}],"replies":[{"embeddable":true,"href":"https:\/\/matissart.com\/fr\/wp-json\/wp\/v2\/comments?post=1398"}],"version-history":[{"count":23,"href":"https:\/\/matissart.com\/fr\/wp-json\/wp\/v2\/pages\/1398\/revisions"}],"predecessor-version":[{"id":2105,"href":"https:\/\/matissart.com\/fr\/wp-json\/wp\/v2\/pages\/1398\/revisions\/2105"}],"wp:attachment":[{"href":"https:\/\/matissart.com\/fr\/wp-json\/wp\/v2\/media?parent=1398"}],"curies":[{"name":"wp","href":"https:\/\/api.w.org\/{rel}","templated":true}]}}