{"id":178,"date":"2023-04-13T16:26:45","date_gmt":"2023-04-13T14:26:45","guid":{"rendered":"https:\/\/matissart.com\/?page_id=178"},"modified":"2024-11-15T17:15:19","modified_gmt":"2024-11-15T16:15:19","slug":"nos-valeurs","status":"publish","type":"page","link":"https:\/\/matissart.com\/fr\/matissart-une-societe-unique\/nos-valeurs\/","title":{"rendered":"De vraies Valeurs"},"content":{"rendered":"\n<div class=\"wp-block-group container\"><div class=\"wp-block-group__inner-container is-layout-constrained wp-block-group-is-layout-constrained\"> <div id=\"cta_sous_page\" class=\"container standard mt-5 mb-5\">\n                    <div class=\"row d-flex justify-content-center\"><div class=\"item col-12 col-lg-3\" data-aos=\"fade-zoom-in\"  data-aos-delay=\"200\" data-aos-duration=\"600\"> <a  href=\"#agilite\" title=\" \"> <div class=\"wrapper  h-100\"><div class=\"picto col-6 mx-auto\"><img decoding=\"async\" src=\"https:\/\/matissart.com\/fr\/wp-content\/uploads\/sites\/10\/2024\/03\/picto-agilite-plain.png\" class=\"img-fluid\" alt=\"\"> <\/div>\n                        <p class=\"h3 text-center mb-2\">Agir en toutes circonstances avec agilit\u00e9<\/p><p>Hyperr\u00e9activit\u00e9 des \u00e9quipes, collaboration et am\u00e9lioration continue<\/p>\n<p>&nbsp;<\/p>\n<\/div><\/a><\/div><div class=\"item col-12 col-lg-3\" data-aos=\"fade-zoom-in\"  data-aos-delay=\"400\" data-aos-duration=\"1200\"> <a  href=\"#efficacite-durable\" title=\" \"> <div class=\"wrapper  h-100\"><div class=\"picto col-6 mx-auto\"><img decoding=\"async\" src=\"https:\/\/matissart.com\/fr\/wp-content\/uploads\/sites\/10\/2024\/03\/picto-durable.png\" class=\"img-fluid\" alt=\"\"> <\/div>\n                        <p class=\"h3 text-center mb-2\">Efficacit\u00e9 durable<\/p><p>Eco-conception, sobri\u00e9t\u00e9, recyclage<\/p>\n<p>&nbsp;<\/p>\n<\/div><\/a><\/div><div class=\"item col-12 col-lg-3\" data-aos=\"fade-zoom-in\"  data-aos-delay=\"600\" data-aos-duration=\"1800\"> <a  href=\"#simplicite\" title=\" \"> <div class=\"wrapper  h-100\"><div class=\"picto col-6 mx-auto\"><img decoding=\"async\" src=\"https:\/\/matissart.com\/fr\/wp-content\/uploads\/sites\/10\/2024\/03\/picto-simple.png\" class=\"img-fluid\" alt=\"\"> <\/div>\n                        <p class=\"h3 text-center mb-2\">Simplicit\u00e9<\/p><p>Fluidit\u00e9 des process, recherche de l\u2019excellence op\u00e9rationnelle, transmission des savoirs<\/p>\n<p>&nbsp;<\/p>\n<\/div><\/a><\/div><div class=\"item col-12 col-lg-3\" data-aos=\"fade-zoom-in\"  data-aos-delay=\"800\" data-aos-duration=\"2400\"> <a  href=\"#innovation-permanente\" title=\" \"> <div class=\"wrapper  h-100\"><div class=\"picto col-6 mx-auto\"><img decoding=\"async\" src=\"https:\/\/matissart.com\/fr\/wp-content\/uploads\/sites\/10\/2024\/03\/picto-innovation-glyph.png\" class=\"img-fluid\" alt=\"\"> <\/div>\n                        <p class=\"h3 text-center mb-2\">Innovation permanente<\/p><p>Cr\u00e9ativit\u00e9 des op\u00e9rationnels, co-cr\u00e9ation avec les clients et partenariats technologiques<\/p>\n<p>&nbsp;<\/p>\n<\/div><\/a><\/div><\/div>\n        <\/div><\/div><\/div>\n\n\n\n<div style=\"height:70px\" aria-hidden=\"true\" class=\"wp-block-spacer\"><\/div>\n\n\n\n<div class=\"wp-block-columns mt-5 is-layout-flex wp-container-core-columns-is-layout-9d6595d7 wp-block-columns-is-layout-flex\" id=\"agilite\">\n<div class=\"wp-block-column is-layout-flow wp-block-column-is-layout-flow\" style=\"flex-basis:25%\">\n<figure class=\"wp-block-image size-large is-resized\"><img loading=\"lazy\" decoding=\"async\" width=\"1024\" height=\"1024\" src=\"https:\/\/matissart.com\/wp-content\/uploads\/2024\/03\/picto-agilite-plain-1024x1024.png\" alt=\"Picto illustrant l'agilit\u00e9\" class=\"wp-image-1652\" style=\"width:150px\" srcset=\"https:\/\/matissart.com\/fr\/wp-content\/uploads\/sites\/10\/2024\/03\/picto-agilite-plain-1024x1024.png 1024w, https:\/\/matissart.com\/fr\/wp-content\/uploads\/sites\/10\/2024\/03\/picto-agilite-plain-300x300.png 300w, https:\/\/matissart.com\/fr\/wp-content\/uploads\/sites\/10\/2024\/03\/picto-agilite-plain-150x150.png 150w, https:\/\/matissart.com\/fr\/wp-content\/uploads\/sites\/10\/2024\/03\/picto-agilite-plain-768x768.png 768w, https:\/\/matissart.com\/fr\/wp-content\/uploads\/sites\/10\/2024\/03\/picto-agilite-plain.png 1200w\" sizes=\"auto, (max-width: 1024px) 100vw, 1024px\" \/><\/figure>\n<\/div>\n\n\n\n<div class=\"wp-block-column is-layout-flow wp-block-column-is-layout-flow\" style=\"flex-basis:66.66%\">\n<h3 class=\"wp-block-heading\">Agir en toutes circonstances avec agilit\u00e9<\/h3>\n\n\n\n<p>L\u2019agilit\u00e9 est un <strong>\u00e9tat d\u2019esprit<\/strong> chez MATISSART, mouliste. <br>L\u2019agilit\u00e9 nous permet notamment de&nbsp;:<\/p>\n\n\n\n<ul class=\"wp-block-list\">\n<li>Apporter plus de <strong>valeur aux clients<\/strong>&nbsp;: l\u2019agilit\u00e9 \u00e0 l\u2019\u00e9chelle implique des \u00e9changes avec le client tout au long du projet pour \u00eatre parfaitement en phase avec ses attentes.<\/li>\n\n\n\n<li>Donner du <strong>sens<\/strong> au travail des <a href=\"https:\/\/matissart.com\/fr\/matissart-une-societe-unique\/des-femmes-et-des-hommes-dexception\/\">collaborateurs\u00a0<\/a>: autonomie, dynamique de groupe et fluidit\u00e9 des interactions.\u00a0<\/li>\n\n\n\n<li>R\u00e9duire le<strong> \u2018time to market\u2019<\/strong>&nbsp;: d\u00e9veloppement rapide de nouvelles id\u00e9es et technologies pour s\u2019adapter aux \u00e9volutions du march\u00e9.<\/li>\n<\/ul>\n<\/div>\n<\/div>\n\n\n\n<div class=\"wp-block-columns mt-5 is-layout-flex wp-container-core-columns-is-layout-9d6595d7 wp-block-columns-is-layout-flex\" id=\"efficacite-durable\">\n<div class=\"wp-block-column is-layout-flow wp-block-column-is-layout-flow\" style=\"flex-basis:25%\">\n<figure class=\"wp-block-image size-large is-resized\"><img loading=\"lazy\" decoding=\"async\" width=\"1024\" height=\"1024\" src=\"https:\/\/matissart.com\/wp-content\/uploads\/2024\/03\/picto-durable-1024x1024.png\" alt=\"Picto illustrant la durabilit\u00e9\" class=\"wp-image-1653\" style=\"width:150px\" srcset=\"https:\/\/matissart.com\/fr\/wp-content\/uploads\/sites\/10\/2024\/03\/picto-durable-1024x1024.png 1024w, https:\/\/matissart.com\/fr\/wp-content\/uploads\/sites\/10\/2024\/03\/picto-durable-300x300.png 300w, https:\/\/matissart.com\/fr\/wp-content\/uploads\/sites\/10\/2024\/03\/picto-durable-150x150.png 150w, https:\/\/matissart.com\/fr\/wp-content\/uploads\/sites\/10\/2024\/03\/picto-durable-768x768.png 768w, https:\/\/matissart.com\/fr\/wp-content\/uploads\/sites\/10\/2024\/03\/picto-durable.png 1200w\" sizes=\"auto, (max-width: 1024px) 100vw, 1024px\" \/><\/figure>\n<\/div>\n\n\n\n<div class=\"wp-block-column is-layout-flow wp-block-column-is-layout-flow\" style=\"flex-basis:66.66%\">\n<h3 class=\"wp-block-heading\">Efficacit\u00e9 durable<\/h3>\n\n\n\n<p>Depuis de nombreuses ann\u00e9es, MATISSART, mouliste, s\u2019inscrit dans une logique <strong>d\u2019\u00e9co-responsabilit\u00e9 au service de la sobri\u00e9t\u00e9.<\/strong><\/p>\n\n\n\n<ul class=\"wp-block-list\">\n<li>Elle nous incite \u00e0 <strong>produire et vendre moins mais mieux, de meilleure qualit\u00e9<\/strong>, des moules optimis\u00e9s pour les <strong>mati\u00e8res recycl\u00e9es<\/strong>.<\/li>\n\n\n\n<li>Elle nous am\u00e8ne <strong>\u00e0 produire au prix juste, un prix qui refl\u00e8te des conditions de production souhaitables sur le plan social<\/strong>.<\/li>\n\n\n\n<li>Elle s\u2019appuie sur un <strong><a href=\"https:\/\/matissart.com\/fr\/maintenance\/\">service de maintenance<\/a><\/strong> qui assure une plus grande <strong>long\u00e9vit\u00e9<\/strong> et une meilleure performance sur le long terme de vos moules.<\/li>\n<\/ul>\n<\/div>\n<\/div>\n\n\n\n<div class=\"wp-block-columns mt-5 is-layout-flex wp-container-core-columns-is-layout-9d6595d7 wp-block-columns-is-layout-flex\" id=\"simplicite\">\n<div class=\"wp-block-column is-layout-flow wp-block-column-is-layout-flow\" style=\"flex-basis:25%\">\n<figure class=\"wp-block-image size-large is-resized\"><img loading=\"lazy\" decoding=\"async\" width=\"1024\" height=\"1024\" src=\"https:\/\/matissart.com\/wp-content\/uploads\/2024\/03\/picto-simple-1024x1024.png\" alt=\"Picto illustrant la simplicit\u00e9\" class=\"wp-image-1655\" style=\"width:150px\" srcset=\"https:\/\/matissart.com\/fr\/wp-content\/uploads\/sites\/10\/2024\/03\/picto-simple-1024x1024.png 1024w, https:\/\/matissart.com\/fr\/wp-content\/uploads\/sites\/10\/2024\/03\/picto-simple-300x300.png 300w, https:\/\/matissart.com\/fr\/wp-content\/uploads\/sites\/10\/2024\/03\/picto-simple-150x150.png 150w, https:\/\/matissart.com\/fr\/wp-content\/uploads\/sites\/10\/2024\/03\/picto-simple-768x768.png 768w, https:\/\/matissart.com\/fr\/wp-content\/uploads\/sites\/10\/2024\/03\/picto-simple.png 1200w\" sizes=\"auto, (max-width: 1024px) 100vw, 1024px\" \/><\/figure>\n<\/div>\n\n\n\n<div class=\"wp-block-column is-layout-flow wp-block-column-is-layout-flow\" style=\"flex-basis:66.66%\">\n<h3 class=\"wp-block-heading\">Simplicit\u00e9<\/h3>\n\n\n\n<p><strong>L\u00e9onard de Vinci&nbsp;:&nbsp;\u00ab&nbsp;La simplicit\u00e9 est la sophistication supr\u00eame, elle ne s\u2019atteint pas sans efforts<\/strong>&nbsp;\u00bb<br>Des objectifs simples, partag\u00e9s et atteignables simplifient le fonctionnement de notre entreprise&nbsp;:<\/p>\n\n\n\n<ul class=\"wp-block-list\">\n<li>Nos process fluides et agiles donnent du sens \u00e0 l\u2019action, montrent <strong>l\u2019utilit\u00e9 et l\u2019importance de chacun<\/strong>.&nbsp;<\/li>\n\n\n\n<li>Ils permettent d\u2019identifier <strong>l\u2019inutile, le gaspillage<\/strong> pour aller \u00e0 l\u2019essentiel.&nbsp;<\/li>\n\n\n\n<li>L\u2019approche transversale clarifie le r\u00f4le de chacun dans l\u2019atteinte d\u2019objectifs <strong>partag\u00e9s et coh\u00e9rents<\/strong>.&nbsp;<\/li>\n<\/ul>\n<\/div>\n<\/div>\n\n\n\n<div class=\"wp-block-columns mt-5 is-layout-flex wp-container-core-columns-is-layout-9d6595d7 wp-block-columns-is-layout-flex\" id=\"innovation-permanente\">\n<div class=\"wp-block-column is-layout-flow wp-block-column-is-layout-flow\" style=\"flex-basis:25%\">\n<figure class=\"wp-block-image size-large is-resized\"><img loading=\"lazy\" decoding=\"async\" width=\"1024\" height=\"1024\" src=\"https:\/\/matissart.com\/wp-content\/uploads\/2024\/03\/picto-innovation-glyph-1024x1024.png\" alt=\"\" class=\"wp-image-1654\" style=\"width:150px\" srcset=\"https:\/\/matissart.com\/fr\/wp-content\/uploads\/sites\/10\/2024\/03\/picto-innovation-glyph-1024x1024.png 1024w, https:\/\/matissart.com\/fr\/wp-content\/uploads\/sites\/10\/2024\/03\/picto-innovation-glyph-300x300.png 300w, https:\/\/matissart.com\/fr\/wp-content\/uploads\/sites\/10\/2024\/03\/picto-innovation-glyph-150x150.png 150w, https:\/\/matissart.com\/fr\/wp-content\/uploads\/sites\/10\/2024\/03\/picto-innovation-glyph-768x768.png 768w, https:\/\/matissart.com\/fr\/wp-content\/uploads\/sites\/10\/2024\/03\/picto-innovation-glyph.png 1200w\" sizes=\"auto, (max-width: 1024px) 100vw, 1024px\" \/><\/figure>\n<\/div>\n\n\n\n<div class=\"wp-block-column is-layout-flow wp-block-column-is-layout-flow\" style=\"flex-basis:66.66%\">\n<h3 class=\"wp-block-heading\">Innovation permanente<\/h3>\n\n\n\n<p>Les principes sur lesquels MATISSART , mouliste, a construit sa politique d\u2019<a href=\"https:\/\/matissart.com\/fr\/emballages\/innovations\/\">innovation<\/a> sont les suivants\u00a0:<\/p>\n\n\n\n<ul class=\"wp-block-list\">\n<li>Nous restons <strong>curieux, cr\u00e9atifs et ouverts \u00e0 de nouveaux points de vue.<\/strong>&nbsp;<\/li>\n\n\n\n<li>Nous encourageons la collaboration et <strong>l\u2019exp\u00e9rimentation.<\/strong>&nbsp;<\/li>\n\n\n\n<li>Nous d\u00e9ployons l<strong>\u2019<\/strong>innovation ouverte\u00a0en collaborant avec des partenaires externes, tels que nos <strong>clients, nos fournisseurs, des instituts de recherche ou des start-ups<\/strong>.<\/li>\n<\/ul>\n<\/div>\n<\/div>\n","protected":false},"excerpt":{"rendered":"<p>Agir en toutes circonstances avec agilit\u00e9 L\u2019agilit\u00e9 est un \u00e9tat d\u2019esprit chez MATISSART, mouliste. L\u2019agilit\u00e9 nous permet notamment de&nbsp;: Efficacit\u00e9 durable Depuis de nombreuses ann\u00e9es, MATISSART, mouliste, s\u2019inscrit dans une logique d\u2019\u00e9co-responsabilit\u00e9 au service de la sobri\u00e9t\u00e9. Simplicit\u00e9 L\u00e9onard de Vinci&nbsp;:&nbsp;\u00ab&nbsp;La simplicit\u00e9 est la sophistication supr\u00eame, elle ne s\u2019atteint pas sans efforts&nbsp;\u00bbDes objectifs simples, partag\u00e9s [&hellip;]<\/p>\n","protected":false},"author":1,"featured_media":0,"parent":387,"menu_order":1,"comment_status":"closed","ping_status":"closed","template":"","meta":{"_acf_changed":false,"inline_featured_image":false,"slim_seo":{"title":"De vraies Valeurs - Matissart","description":"Agir en toutes circonstances avec agilit\u00e9 L\u2019agilit\u00e9 est un \u00e9tat d\u2019esprit chez MATISSART, mouliste. L\u2019agilit\u00e9 nous permet notamment de&nbsp;: Efficacit\u00e9 durable"},"footnotes":""},"class_list":["post-178","page","type-page","status-publish","hentry"],"acf":[],"_links":{"self":[{"href":"https:\/\/matissart.com\/fr\/wp-json\/wp\/v2\/pages\/178","targetHints":{"allow":["GET"]}}],"collection":[{"href":"https:\/\/matissart.com\/fr\/wp-json\/wp\/v2\/pages"}],"about":[{"href":"https:\/\/matissart.com\/fr\/wp-json\/wp\/v2\/types\/page"}],"author":[{"embeddable":true,"href":"https:\/\/matissart.com\/fr\/wp-json\/wp\/v2\/users\/1"}],"replies":[{"embeddable":true,"href":"https:\/\/matissart.com\/fr\/wp-json\/wp\/v2\/comments?post=178"}],"version-history":[{"count":60,"href":"https:\/\/matissart.com\/fr\/wp-json\/wp\/v2\/pages\/178\/revisions"}],"predecessor-version":[{"id":2572,"href":"https:\/\/matissart.com\/fr\/wp-json\/wp\/v2\/pages\/178\/revisions\/2572"}],"up":[{"embeddable":true,"href":"https:\/\/matissart.com\/fr\/wp-json\/wp\/v2\/pages\/387"}],"wp:attachment":[{"href":"https:\/\/matissart.com\/fr\/wp-json\/wp\/v2\/media?parent=178"}],"curies":[{"name":"wp","href":"https:\/\/api.w.org\/{rel}","templated":true}]}}