{"id":535,"date":"2024-01-15T07:19:41","date_gmt":"2024-01-15T06:19:41","guid":{"rendered":"https:\/\/matissart.com\/?page_id=535"},"modified":"2024-10-25T17:02:47","modified_gmt":"2024-10-25T15:02:47","slug":"outils-peripheriques","status":"publish","type":"page","link":"https:\/\/matissart.com\/fr\/emballages\/outils-peripheriques\/","title":{"rendered":"Outils p\u00e9riph\u00e9riques des moules d&rsquo;extrusion-soufflage"},"content":{"rendered":"\n<div class=\"wp-block-columns container py-3 pt-lg-2 is-layout-flex wp-container-core-columns-is-layout-9d6595d7 wp-block-columns-is-layout-flex\">\n<div class=\"wp-block-column is-layout-flow wp-block-column-is-layout-flow\" style=\"flex-basis:33.33%\">\n<div class=\"wp-block-group\"><div class=\"wp-block-group__inner-container is-layout-constrained wp-block-group-is-layout-constrained\">\n<div class=\"wp-block-group is-vertical is-layout-flex wp-container-core-group-is-layout-8cf370e7 wp-block-group-is-layout-flex\">\n<figure class=\"wp-block-image size-full mx-auto img-thumbnail\"><img loading=\"lazy\" decoding=\"async\" width=\"500\" height=\"500\" src=\"https:\/\/matissart.com\/wp-content\/uploads\/2024\/03\/masque-de-reprise-1.jpg\" alt=\"Images de masques de reprise 4 empreintes.\" class=\"wp-image-1491\" srcset=\"https:\/\/matissart.com\/fr\/wp-content\/uploads\/sites\/10\/2024\/03\/masque-de-reprise-1.jpg 500w, https:\/\/matissart.com\/fr\/wp-content\/uploads\/sites\/10\/2024\/03\/masque-de-reprise-1-300x300.jpg 300w, https:\/\/matissart.com\/fr\/wp-content\/uploads\/sites\/10\/2024\/03\/masque-de-reprise-1-150x150.jpg 150w\" sizes=\"auto, (max-width: 500px) 100vw, 500px\" \/><\/figure>\n\n\n\n<h3 class=\"wp-block-heading has-text-align-left mt-3\">Masques de reprise<\/h3>\n\n\n\n<p>Masques embarqu\u00e9s sur le moule ou sur les bras de la machine&nbsp;<\/p>\n<\/div>\n<\/div><\/div>\n<\/div>\n\n\n\n<div class=\"wp-block-column is-layout-flow wp-block-column-is-layout-flow\" style=\"flex-basis:33.33%\">\n<div class=\"wp-block-group\"><div class=\"wp-block-group__inner-container is-layout-constrained wp-block-group-is-layout-constrained\">\n<div class=\"wp-block-group is-vertical is-layout-flex wp-container-core-group-is-layout-8cf370e7 wp-block-group-is-layout-flex\">\n<figure class=\"wp-block-image size-full img-thumbnail\"><img loading=\"lazy\" decoding=\"async\" width=\"2560\" height=\"2560\" src=\"https:\/\/matissart.com\/wp-content\/uploads\/2024\/03\/decaroteurs-2-scaled.jpg\" alt=\"Image d'un d\u00e9carotteur MATISSART brevet\u00e9 pour bidon gerbable avec d\u00e9tection de carottes.\" class=\"wp-image-1492\" srcset=\"https:\/\/matissart.com\/fr\/wp-content\/uploads\/sites\/10\/2024\/03\/decaroteurs-2-scaled.jpg 2560w, https:\/\/matissart.com\/fr\/wp-content\/uploads\/sites\/10\/2024\/03\/decaroteurs-2-300x300.jpg 300w, https:\/\/matissart.com\/fr\/wp-content\/uploads\/sites\/10\/2024\/03\/decaroteurs-2-1024x1024.jpg 1024w, https:\/\/matissart.com\/fr\/wp-content\/uploads\/sites\/10\/2024\/03\/decaroteurs-2-150x150.jpg 150w, https:\/\/matissart.com\/fr\/wp-content\/uploads\/sites\/10\/2024\/03\/decaroteurs-2-768x768.jpg 768w, https:\/\/matissart.com\/fr\/wp-content\/uploads\/sites\/10\/2024\/03\/decaroteurs-2-1536x1536.jpg 1536w, https:\/\/matissart.com\/fr\/wp-content\/uploads\/sites\/10\/2024\/03\/decaroteurs-2-2048x2048.jpg 2048w\" sizes=\"auto, (max-width: 2560px) 100vw, 2560px\" \/><\/figure>\n\n\n\n<h3 class=\"wp-block-heading mt-3\">D\u00e9carotteurs<\/h3>\n\n\n\n<p>Syst\u00e8me de d\u00e9carottage brevet\u00e9 alliant une cin\u00e9matique innovante coupl\u00e9e \u00e0 un dispositif de capteurs \u00e0 haute v\u00e9locit\u00e9 assurant la d\u00e9tection des carottes de poign\u00e9e des bidons gerbables<\/p>\n<\/div>\n<\/div><\/div>\n<\/div>\n\n\n\n<div class=\"wp-block-column is-layout-flow wp-block-column-is-layout-flow\" style=\"flex-basis:33.3%\">\n<div class=\"wp-block-group\"><div class=\"wp-block-group__inner-container is-layout-constrained wp-block-group-is-layout-constrained\">\n<figure class=\"wp-block-image size-full mx-auto img-thumbnail\"><img loading=\"lazy\" decoding=\"async\" width=\"500\" height=\"500\" src=\"https:\/\/matissart.com\/wp-content\/uploads\/2024\/02\/decaroteur-embarque.jpg\" alt=\"images d'un moule 4 empreintes de bidon 2L avec syst\u00e8me de d\u00e9carrotage embarqu\u00e9 machine TECHNE E2750\" class=\"wp-image-1285\" srcset=\"https:\/\/matissart.com\/fr\/wp-content\/uploads\/sites\/10\/2024\/02\/decaroteur-embarque.jpg 500w, https:\/\/matissart.com\/fr\/wp-content\/uploads\/sites\/10\/2024\/02\/decaroteur-embarque-300x300.jpg 300w, https:\/\/matissart.com\/fr\/wp-content\/uploads\/sites\/10\/2024\/02\/decaroteur-embarque-150x150.jpg 150w\" sizes=\"auto, (max-width: 500px) 100vw, 500px\" \/><\/figure>\n\n\n\n<h3 class=\"wp-block-heading has-text-align-left mt-3\">D\u00e9carotteurs embarqu\u00e9s<\/h3>\n\n\n\n<p>Syst\u00e8me de d\u00e9carottage embarqu\u00e9 sur le moule actionn\u00e9 par v\u00e9rins pneumatiques ou hydrauliques<\/p>\n<\/div><\/div>\n<\/div>\n<\/div>\n\n\n\n<div class=\"wp-block-columns container py-3 pt-lg-5 is-layout-flex wp-container-core-columns-is-layout-9d6595d7 wp-block-columns-is-layout-flex\">\n<div class=\"wp-block-column is-layout-flow wp-block-column-is-layout-flow\" style=\"flex-basis:33.33%\">\n<div class=\"wp-block-group\"><div class=\"wp-block-group__inner-container is-layout-constrained wp-block-group-is-layout-constrained\">\n<div class=\"wp-block-group is-vertical is-layout-flex wp-container-core-group-is-layout-8cf370e7 wp-block-group-is-layout-flex\">\n<figure class=\"wp-block-image size-full mx-auto img-thumbnail\"><img loading=\"lazy\" decoding=\"async\" width=\"500\" height=\"500\" src=\"https:\/\/matissart.com\/wp-content\/uploads\/2024\/03\/blocs-cannes-soufflage.jpg\" alt=\"Images de blocs cannes et de canne de soufflage.\" class=\"wp-image-1513\" srcset=\"https:\/\/matissart.com\/fr\/wp-content\/uploads\/sites\/10\/2024\/03\/blocs-cannes-soufflage.jpg 500w, https:\/\/matissart.com\/fr\/wp-content\/uploads\/sites\/10\/2024\/03\/blocs-cannes-soufflage-300x300.jpg 300w, https:\/\/matissart.com\/fr\/wp-content\/uploads\/sites\/10\/2024\/03\/blocs-cannes-soufflage-150x150.jpg 150w\" sizes=\"auto, (max-width: 500px) 100vw, 500px\" \/><\/figure>\n\n\n\n<h3 class=\"wp-block-heading has-text-align-left mt-3\">Blocs cannes et cannes de soufflage<\/h3>\n\n\n\n<p>Cannes de soufflage \u00e0 d\u00e9vissage pour goulot filet\u00e9 int\u00e9rieur. Actionn\u00e9es par moteur hydraulique&nbsp;ou&nbsp;\u00e9lectrique<\/p>\n<\/div>\n<\/div><\/div>\n<\/div>\n\n\n\n<div class=\"wp-block-column is-layout-flow wp-block-column-is-layout-flow\" style=\"flex-basis:33.33%\">\n<div class=\"wp-block-group\"><div class=\"wp-block-group__inner-container is-layout-constrained wp-block-group-is-layout-constrained\">\n<div class=\"wp-block-group is-vertical is-layout-flex wp-container-core-group-is-layout-8cf370e7 wp-block-group-is-layout-flex\">\n<figure class=\"wp-block-image size-full img-thumbnail\"><img loading=\"lazy\" decoding=\"async\" width=\"500\" height=\"500\" src=\"https:\/\/matissart.com\/wp-content\/uploads\/2024\/02\/poincon-filieres-2.jpg\" alt=\"Jeux de fili\u00e8res \u00e0 changement rapide.\" class=\"wp-image-1283\" srcset=\"https:\/\/matissart.com\/fr\/wp-content\/uploads\/sites\/10\/2024\/02\/poincon-filieres-2.jpg 500w, https:\/\/matissart.com\/fr\/wp-content\/uploads\/sites\/10\/2024\/02\/poincon-filieres-2-300x300.jpg 300w, https:\/\/matissart.com\/fr\/wp-content\/uploads\/sites\/10\/2024\/02\/poincon-filieres-2-150x150.jpg 150w\" sizes=\"auto, (max-width: 500px) 100vw, 500px\" \/><\/figure>\n\n\n\n<h3 class=\"wp-block-heading mt-3\">Poin\u00e7ons fili\u00e8res<\/h3>\n<\/div>\n<\/div><\/div>\n\n\n\n<p>Nous ma\u00eetrisons le calcul des ovalisations des poin\u00e7ons ou des fili\u00e8res. Syst\u00e8me de poin\u00e7ons ou de fili\u00e8res statiques d\u00e9formables&nbsp;<\/p>\n<\/div>\n\n\n\n<div class=\"wp-block-column is-layout-flow wp-block-column-is-layout-flow\" style=\"flex-basis:33.3%\">\n<figure class=\"wp-block-image size-full mx-auto img-thumbnail\"><img loading=\"lazy\" decoding=\"async\" width=\"500\" height=\"500\" src=\"https:\/\/matissart.com\/wp-content\/uploads\/2024\/03\/outillage-de-reprise.jpg\" alt=\"Image d'un dispositif de reprise pour moule 6 empreintes de flacon cosm\u00e9tique mont\u00e9 sur machine UNILOY UMS\" class=\"wp-image-1459\" srcset=\"https:\/\/matissart.com\/fr\/wp-content\/uploads\/sites\/10\/2024\/03\/outillage-de-reprise.jpg 500w, https:\/\/matissart.com\/fr\/wp-content\/uploads\/sites\/10\/2024\/03\/outillage-de-reprise-300x300.jpg 300w, https:\/\/matissart.com\/fr\/wp-content\/uploads\/sites\/10\/2024\/03\/outillage-de-reprise-150x150.jpg 150w\" sizes=\"auto, (max-width: 500px) 100vw, 500px\" \/><\/figure>\n\n\n\n<h3 class=\"wp-block-heading has-text-align-left mt-3\">Outillages de reprise<\/h3>\n\n\n\n<p>Syst\u00e8me de reprise pour diff\u00e9rentes marques et mod\u00e8le de machines&nbsp;<\/p>\n<\/div>\n<\/div>\n\n\n\n<div class=\"wp-block-columns container py-3 pt-lg-5 is-layout-flex wp-container-core-columns-is-layout-9d6595d7 wp-block-columns-is-layout-flex\">\n<div class=\"wp-block-column is-layout-flow wp-block-column-is-layout-flow\" style=\"flex-basis:33.33%\">\n<div class=\"wp-block-group\"><div class=\"wp-block-group__inner-container is-layout-constrained wp-block-group-is-layout-constrained\">\n<div class=\"wp-block-group is-vertical is-layout-flex wp-container-core-group-is-layout-8cf370e7 wp-block-group-is-layout-flex\">\n<figure class=\"wp-block-image size-full mx-auto img-thumbnail\"><img loading=\"lazy\" decoding=\"async\" width=\"500\" height=\"500\" src=\"https:\/\/matissart.com\/wp-content\/uploads\/2024\/03\/post-refroidissement-500-1.jpg\" alt=\"Images de syst\u00e8mes de post refroidissement pour bidon gerbables.\" class=\"wp-image-1516\" srcset=\"https:\/\/matissart.com\/fr\/wp-content\/uploads\/sites\/10\/2024\/03\/post-refroidissement-500-1.jpg 500w, https:\/\/matissart.com\/fr\/wp-content\/uploads\/sites\/10\/2024\/03\/post-refroidissement-500-1-300x300.jpg 300w, https:\/\/matissart.com\/fr\/wp-content\/uploads\/sites\/10\/2024\/03\/post-refroidissement-500-1-150x150.jpg 150w\" sizes=\"auto, (max-width: 500px) 100vw, 500px\" \/><\/figure>\n\n\n\n<h3 class=\"wp-block-heading has-text-align-left mt-3\">Post refroidissement<\/h3>\n\n\n\n<p>Syst\u00e8me de post refroidissement pour bidon standard ou gerbable&nbsp;<\/p>\n<\/div>\n<\/div><\/div>\n<\/div>\n<\/div>\n","protected":false},"excerpt":{"rendered":"<p>Masques de reprise Masques embarqu\u00e9s sur le moule ou sur les bras de la machine&nbsp; D\u00e9carotteurs Syst\u00e8me de d\u00e9carottage brevet\u00e9 alliant une cin\u00e9matique innovante coupl\u00e9e \u00e0 un dispositif de capteurs \u00e0 haute v\u00e9locit\u00e9 assurant la d\u00e9tection des carottes de poign\u00e9e des bidons gerbables D\u00e9carotteurs embarqu\u00e9s Syst\u00e8me de d\u00e9carottage embarqu\u00e9 sur le moule actionn\u00e9 par v\u00e9rins [&hellip;]<\/p>\n","protected":false},"author":1,"featured_media":0,"parent":36,"menu_order":3,"comment_status":"closed","ping_status":"closed","template":"","meta":{"_acf_changed":false,"inline_featured_image":false,"slim_seo":{"title":"Outils p\u00e9riph\u00e9riques des moules d'extrusion-soufflage - Matissart","description":"Masques de reprise Masques embarqu\u00e9s sur le moule ou sur les bras de la machine&nbsp; D\u00e9carotteurs Syst\u00e8me de d\u00e9carottage brevet\u00e9 alliant une cin\u00e9matique innova"},"footnotes":""},"class_list":["post-535","page","type-page","status-publish","hentry"],"acf":[],"_links":{"self":[{"href":"https:\/\/matissart.com\/fr\/wp-json\/wp\/v2\/pages\/535","targetHints":{"allow":["GET"]}}],"collection":[{"href":"https:\/\/matissart.com\/fr\/wp-json\/wp\/v2\/pages"}],"about":[{"href":"https:\/\/matissart.com\/fr\/wp-json\/wp\/v2\/types\/page"}],"author":[{"embeddable":true,"href":"https:\/\/matissart.com\/fr\/wp-json\/wp\/v2\/users\/1"}],"replies":[{"embeddable":true,"href":"https:\/\/matissart.com\/fr\/wp-json\/wp\/v2\/comments?post=535"}],"version-history":[{"count":32,"href":"https:\/\/matissart.com\/fr\/wp-json\/wp\/v2\/pages\/535\/revisions"}],"predecessor-version":[{"id":2457,"href":"https:\/\/matissart.com\/fr\/wp-json\/wp\/v2\/pages\/535\/revisions\/2457"}],"up":[{"embeddable":true,"href":"https:\/\/matissart.com\/fr\/wp-json\/wp\/v2\/pages\/36"}],"wp:attachment":[{"href":"https:\/\/matissart.com\/fr\/wp-json\/wp\/v2\/media?parent=535"}],"curies":[{"name":"wp","href":"https:\/\/api.w.org\/{rel}","templated":true}]}}