{"id":751,"date":"2024-01-20T14:51:52","date_gmt":"2024-01-20T13:51:52","guid":{"rendered":"https:\/\/matissart.com\/?page_id=751"},"modified":"2024-10-25T17:11:06","modified_gmt":"2024-10-25T15:11:06","slug":"maintenance-et-adaptation-de-vos-moules","status":"publish","type":"page","link":"https:\/\/matissart.com\/fr\/maintenance-et-adaptation-de-vos-moules\/","title":{"rendered":"Maintenance, R\u00e9paration et Adaptation des moules de soufflage"},"content":{"rendered":"\n<div class=\"wp-block-columns is-layout-flex wp-container-core-columns-is-layout-9d6595d7 wp-block-columns-is-layout-flex\">\n<div class=\"wp-block-column is-layout-flow wp-block-column-is-layout-flow\" style=\"flex-basis:66.66%\">\n<p>L&rsquo;\u00e9quipe de Serge \u00ab\u00a0SOS Maintenance\/R\u00e9novation durable\u00a0\u00bb est \u00e0 votre service pour intervenir sur vos moules de soufflage et les rendre plus performants.<\/p>\n\n\n\n<p>Gr\u00e2ce \u00e0 son&nbsp;<strong>savoir-faire<\/strong>&nbsp;et sa&nbsp;<strong>r\u00e9activit\u00e9<\/strong>&nbsp;MATISSART travaille pour des clients de tous secteurs d\u2019activit\u00e9 du soufflage. <\/p>\n\n\n\n<p>MATISSART vous propose deux types d\u2019offres pr\u00e9f\u00e9rentielles&nbsp;:<\/p>\n\n\n\n<h3 class=\"wp-block-heading\"><strong>Un p\u00f4le maintenance&nbsp;:<\/strong><\/h3>\n\n\n\n<ul class=\"wp-block-list\">\n<li><strong>15<\/strong> <strong>compagnons<\/strong> imm\u00e9diatement disponibles<\/li>\n\n\n\n<li><strong>Remise en \u00e9tat<\/strong> de vos moules permet de prolonger leur dur\u00e9e de vie<strong>.<\/strong><\/li>\n\n\n\n<li><strong>R\u00e9paration<\/strong> en <strong>extr\u00eame urgence<\/strong>, nous mettons tout en \u0153uvre pour vous \u00e9pauler au mieux.&nbsp;<\/li>\n\n\n\n<li>Une <strong>grande vari\u00e9t\u00e9<\/strong> de services :\n<ul class=\"wp-block-list\">\n<li>Rectification, Fraisage, Tournage<\/li>\n\n\n\n<li>Electro-\u00e9rosion enfon\u00e7age et fil <\/li>\n\n\n\n<li>Plasma et micro-soudure <\/li>\n\n\n\n<li>Ma\u00eetrise du rechargement laser <\/li>\n\n\n\n<li>Tig<\/li>\n<\/ul>\n<\/li>\n<\/ul>\n\n\n\n<p>La r\u00e9alisation des <strong>traitements thermiques<\/strong> en interne, avec <strong>nos fours<\/strong>, nous permet de r\u00e9pondre rapidement \u00e0 vos besoins.<\/p>\n\n\n\n<p>MATISSART dispose d\u2019un grand stock de<strong> mati\u00e8res premi\u00e8res (alliages de cupro, acier, acier pour trempe, acier inox, aluminium\u2026)<\/strong><\/p>\n\n\n\n<p>Gr\u00e2ce&nbsp;<strong>\u00e0 son \u00e9quipement de production performant (machines d\u00e9di\u00e9es, rectification longue course, traitement thermique),<\/strong> MATISSART maintenance r\u00e9pond \u00e0 vos demandes de r\u00e9paration de tous types de moule de soufflage allant jusqu&rsquo;\u00e0 5 tonnes.<\/p>\n\n\n\n<h3 class=\"wp-block-heading\"><strong>Un p\u00f4le adaptation&nbsp;:<\/strong><\/h3>\n\n\n\n<p>L\u2019expertise de MATISSART s\u2019appuie sur un <strong>bureau d\u2019\u00e9tudes<\/strong> qui ma\u00eetrise plus de <strong>40 marques<\/strong> de machines diff\u00e9rentes et capable d\u2019adapter vos moules sur l\u2019ensemble de ces \u00e9quipements.<\/p>\n\n\n\n<h5 class=\"wp-block-heading\"><strong>MATISSART sp\u00e9cialiste de la maintenance sur-mesure et l\u2019adaptation de vos moules de soufflage sur plus de 40 marques de machines et\u00a0plus de 140 mod\u00e8les.<\/strong><\/h5>\n<\/div>\n\n\n\n<div class=\"wp-block-column is-layout-flow wp-block-column-is-layout-flow\" style=\"flex-basis:33.33%\">\n<figure class=\"wp-block-image size-full img-thumbnail\"><img loading=\"lazy\" decoding=\"async\" width=\"1082\" height=\"1085\" src=\"https:\/\/matissart.com\/wp-content\/uploads\/2024\/03\/soudure-rwrk.jpg\" alt=\"Images d'un compagon de Matissart en train de souder un insert en micro-soudure.\" class=\"wp-image-1585\" srcset=\"https:\/\/matissart.com\/fr\/wp-content\/uploads\/sites\/10\/2024\/03\/soudure-rwrk.jpg 1082w, https:\/\/matissart.com\/fr\/wp-content\/uploads\/sites\/10\/2024\/03\/soudure-rwrk-300x300.jpg 300w, https:\/\/matissart.com\/fr\/wp-content\/uploads\/sites\/10\/2024\/03\/soudure-rwrk-1021x1024.jpg 1021w, https:\/\/matissart.com\/fr\/wp-content\/uploads\/sites\/10\/2024\/03\/soudure-rwrk-150x150.jpg 150w, https:\/\/matissart.com\/fr\/wp-content\/uploads\/sites\/10\/2024\/03\/soudure-rwrk-768x770.jpg 768w\" sizes=\"auto, (max-width: 1082px) 100vw, 1082px\" \/><\/figure>\n<\/div>\n<\/div>\n","protected":false},"excerpt":{"rendered":"<p>L&rsquo;\u00e9quipe de Serge \u00ab\u00a0SOS Maintenance\/R\u00e9novation durable\u00a0\u00bb est \u00e0 votre service pour intervenir sur vos moules de soufflage et les rendre plus performants. Gr\u00e2ce \u00e0 son&nbsp;savoir-faire&nbsp;et sa&nbsp;r\u00e9activit\u00e9&nbsp;MATISSART travaille pour des clients de tous secteurs d\u2019activit\u00e9 du soufflage. MATISSART vous propose deux types d\u2019offres pr\u00e9f\u00e9rentielles&nbsp;: Un p\u00f4le maintenance&nbsp;: La r\u00e9alisation des traitements thermiques en interne, avec nos [&hellip;]<\/p>\n","protected":false},"author":1,"featured_media":0,"parent":0,"menu_order":13,"comment_status":"closed","ping_status":"closed","template":"","meta":{"_acf_changed":false,"inline_featured_image":false,"slim_seo":{"title":"Maintenance, R\u00e9paration et Adaptation des moules de soufflage - Matissart","description":"L'\u00e9quipe de Serge \"SOS Maintenance\/R\u00e9novation durable\" est \u00e0 votre service pour intervenir sur vos moules de soufflage et les rendre plus performants. Gr\u00e2ce \u00e0 s"},"footnotes":""},"class_list":["post-751","page","type-page","status-publish","hentry"],"acf":[],"_links":{"self":[{"href":"https:\/\/matissart.com\/fr\/wp-json\/wp\/v2\/pages\/751","targetHints":{"allow":["GET"]}}],"collection":[{"href":"https:\/\/matissart.com\/fr\/wp-json\/wp\/v2\/pages"}],"about":[{"href":"https:\/\/matissart.com\/fr\/wp-json\/wp\/v2\/types\/page"}],"author":[{"embeddable":true,"href":"https:\/\/matissart.com\/fr\/wp-json\/wp\/v2\/users\/1"}],"replies":[{"embeddable":true,"href":"https:\/\/matissart.com\/fr\/wp-json\/wp\/v2\/comments?post=751"}],"version-history":[{"count":40,"href":"https:\/\/matissart.com\/fr\/wp-json\/wp\/v2\/pages\/751\/revisions"}],"predecessor-version":[{"id":2466,"href":"https:\/\/matissart.com\/fr\/wp-json\/wp\/v2\/pages\/751\/revisions\/2466"}],"wp:attachment":[{"href":"https:\/\/matissart.com\/fr\/wp-json\/wp\/v2\/media?parent=751"}],"curies":[{"name":"wp","href":"https:\/\/api.w.org\/{rel}","templated":true}]}}