{"id":837,"date":"2024-01-30T09:57:09","date_gmt":"2024-01-30T08:57:09","guid":{"rendered":"https:\/\/matissart.com\/?page_id=837"},"modified":"2024-11-15T17:11:06","modified_gmt":"2024-11-15T16:11:06","slug":"des-femmes-et-des-hommes-dexception","status":"publish","type":"page","link":"https:\/\/matissart.com\/fr\/matissart-une-societe-unique\/des-femmes-et-des-hommes-dexception\/","title":{"rendered":"Des femmes et des hommes d\u2019exception et d\u2019excellence"},"content":{"rendered":"\n<div class=\"wp-block-columns is-layout-flex wp-container-core-columns-is-layout-9d6595d7 wp-block-columns-is-layout-flex\">\n<div class=\"wp-block-column is-layout-flow wp-block-column-is-layout-flow\" style=\"flex-basis:25%\">\n<figure class=\"wp-block-image size-large img-thumbnail\"><img loading=\"lazy\" decoding=\"async\" width=\"1024\" height=\"1024\" src=\"https:\/\/matissart.com\/wp-content\/uploads\/2024\/02\/controle-moule-sq-1024x1024.jpg\" alt=\"Image d'un ajusteur MATISSART qui reprend un plan de joint d'un moule de bouteille de lait\" class=\"wp-image-1187\" srcset=\"https:\/\/matissart.com\/fr\/wp-content\/uploads\/sites\/10\/2024\/02\/controle-moule-sq-1024x1024.jpg 1024w, https:\/\/matissart.com\/fr\/wp-content\/uploads\/sites\/10\/2024\/02\/controle-moule-sq-300x300.jpg 300w, https:\/\/matissart.com\/fr\/wp-content\/uploads\/sites\/10\/2024\/02\/controle-moule-sq-150x150.jpg 150w, https:\/\/matissart.com\/fr\/wp-content\/uploads\/sites\/10\/2024\/02\/controle-moule-sq-768x769.jpg 768w, https:\/\/matissart.com\/fr\/wp-content\/uploads\/sites\/10\/2024\/02\/controle-moule-sq-1534x1536.jpg 1534w, https:\/\/matissart.com\/fr\/wp-content\/uploads\/sites\/10\/2024\/02\/controle-moule-sq-2046x2048.jpg 2046w\" sizes=\"auto, (max-width: 1024px) 100vw, 1024px\" \/><\/figure>\n<\/div>\n\n\n\n<div class=\"wp-block-column is-layout-flow wp-block-column-is-layout-flow\" style=\"flex-basis:66.66%\">\n<h3 class=\"wp-block-heading\">Des compagnons<\/h3>\n\n\n\n<ul class=\"wp-block-list\">\n<li>Nous sommes une entreprise industrielle mobilisant des <strong>comp\u00e9tences et savoir-\u00eatre<\/strong> uniques.&nbsp;<\/li>\n\n\n\n<li>Derri\u00e8re chaque moule d&rsquo;extrusion-soufflage, pi\u00e8ce technique, service de maintenance se cache <strong>des compagnons<\/strong> avec leur histoire, un h\u00e9ritage et le sens de l\u2019innovation permanente, leur permettant d\u2019atteindre l\u2019excellence.<\/li>\n<\/ul>\n<\/div>\n<\/div>\n\n\n\n<div class=\"wp-block-columns is-layout-flex wp-container-core-columns-is-layout-9d6595d7 wp-block-columns-is-layout-flex\">\n<div class=\"wp-block-column is-layout-flow wp-block-column-is-layout-flow\" style=\"flex-basis:25%\">\n<figure class=\"wp-block-image size-full img-thumbnail\"><img loading=\"lazy\" decoding=\"async\" width=\"500\" height=\"500\" src=\"https:\/\/matissart.com\/wp-content\/uploads\/2024\/02\/soudure-2-sq.jpg\" alt=\"Image d'un fond de moule en cours de rechargement par micro-soudure\" class=\"wp-image-1316\" srcset=\"https:\/\/matissart.com\/fr\/wp-content\/uploads\/sites\/10\/2024\/02\/soudure-2-sq.jpg 500w, https:\/\/matissart.com\/fr\/wp-content\/uploads\/sites\/10\/2024\/02\/soudure-2-sq-300x300.jpg 300w, https:\/\/matissart.com\/fr\/wp-content\/uploads\/sites\/10\/2024\/02\/soudure-2-sq-150x150.jpg 150w\" sizes=\"auto, (max-width: 500px) 100vw, 500px\" \/><\/figure>\n<\/div>\n\n\n\n<div class=\"wp-block-column is-layout-flow wp-block-column-is-layout-flow\" style=\"flex-basis:66.66%\">\n<h3 class=\"wp-block-heading\">De multiples m\u00e9tiers<\/h3>\n\n\n\n<ul class=\"wp-block-list\">\n<li>Forts de multiples corps de<strong> m\u00e9tier d\u2019exp\u00e9rience <\/strong>(ajusteurs, fraiseurs, tourneurs, \u00e9rodeurs, contr\u00f4leurs qualit\u00e9, acheteurs, responsables de production, comptable, commerciaux, ing\u00e9nieur CFAO, ing\u00e9nieur d\u2019\u00e9tudes\u2026), nos collaborateurs r\u00e9alisent<strong> <\/strong>des produits et offrent des services <strong>exclusifs<\/strong> con\u00e7us pour une client\u00e8le <strong>exigeante<\/strong>.&nbsp;<\/li>\n\n\n\n<li>Nos m\u00e9tiers sont gages <strong>d\u2019originalit\u00e9 et d\u2019authenticit\u00e9<\/strong> en vue de d\u00e9livrer des pi\u00e8ces industrielles qui se veulent durables et <strong>\u00e9co-efficientes<\/strong>.&nbsp;<\/li>\n<\/ul>\n<\/div>\n<\/div>\n\n\n\n<div class=\"wp-block-columns is-layout-flex wp-container-core-columns-is-layout-9d6595d7 wp-block-columns-is-layout-flex\">\n<div class=\"wp-block-column is-layout-flow wp-block-column-is-layout-flow\" style=\"flex-basis:25%\">\n<figure class=\"wp-block-image size-full img-thumbnail\"><img loading=\"lazy\" decoding=\"async\" width=\"500\" height=\"500\" src=\"https:\/\/matissart.com\/wp-content\/uploads\/2024\/02\/equipe-1-sq.jpg\" alt=\"Image de collaborateurs MATISSART travaillant sur une machine de d\u00e9coupe au fil.\" class=\"wp-image-1319\" srcset=\"https:\/\/matissart.com\/fr\/wp-content\/uploads\/sites\/10\/2024\/02\/equipe-1-sq.jpg 500w, https:\/\/matissart.com\/fr\/wp-content\/uploads\/sites\/10\/2024\/02\/equipe-1-sq-300x300.jpg 300w, https:\/\/matissart.com\/fr\/wp-content\/uploads\/sites\/10\/2024\/02\/equipe-1-sq-150x150.jpg 150w\" sizes=\"auto, (max-width: 500px) 100vw, 500px\" \/><\/figure>\n<\/div>\n\n\n\n<div class=\"wp-block-column is-layout-flow wp-block-column-is-layout-flow\" style=\"flex-basis:66.66%\">\n<h3 class=\"wp-block-heading\">Qui se transmettent des savoirs industriels et technologiques<\/h3>\n\n\n\n<ul class=\"wp-block-list\">\n<li>Nous sommes une entreprise dynamique, pr\u00eate \u00e0 s\u2019adapter au march\u00e9 de <strong>demain<\/strong>. MATISSART d\u00e9veloppe<strong>&nbsp;<\/strong>une <strong>Culture de la transmission et de l\u2019accompagnement <\/strong>en favorisant l\u2019apprentissage et l\u2019acc\u00e8s \u00e0 l\u2019emploi des jeunes.&nbsp;<\/li>\n\n\n\n<li>Nous d\u00e9veloppons depuis la cr\u00e9ation de l\u2019entreprise une<strong> politique d\u2019inclusion et de diversit\u00e9 <\/strong>en recrutant des profils vari\u00e9s qui favorisent la<strong> cr\u00e9ativit\u00e9 et l\u2019innovation.<\/strong><\/li>\n<\/ul>\n<\/div>\n<\/div>\n\n\n\n<div class=\"wp-block-columns is-layout-flex wp-container-core-columns-is-layout-9d6595d7 wp-block-columns-is-layout-flex\">\n<div class=\"wp-block-column is-layout-flow wp-block-column-is-layout-flow\" style=\"flex-basis:25%\">\n<figure class=\"wp-block-image size-full img-thumbnail\"><a href=\"https:\/\/matissart.com\/fr\/emballages\/innovations\/\"><img loading=\"lazy\" decoding=\"async\" width=\"1000\" height=\"1000\" src=\"https:\/\/matissart.com\/wp-content\/uploads\/2024\/01\/logo-3D-jet-cooling-1000_1000.png\" alt=\"Image du logo 3D JET COOLING syst\u00e8me de refroidissement MATISSART hyper performant permettant des cadences tr\u00e8s \u00e9lev\u00e9es.\" class=\"wp-image-848\" srcset=\"https:\/\/matissart.com\/fr\/wp-content\/uploads\/sites\/10\/2024\/01\/logo-3D-jet-cooling-1000_1000.png 1000w, https:\/\/matissart.com\/fr\/wp-content\/uploads\/sites\/10\/2024\/01\/logo-3D-jet-cooling-1000_1000-300x300.png 300w, https:\/\/matissart.com\/fr\/wp-content\/uploads\/sites\/10\/2024\/01\/logo-3D-jet-cooling-1000_1000-150x150.png 150w, https:\/\/matissart.com\/fr\/wp-content\/uploads\/sites\/10\/2024\/01\/logo-3D-jet-cooling-1000_1000-768x768.png 768w\" sizes=\"auto, (max-width: 1000px) 100vw, 1000px\" \/><\/a><\/figure>\n<\/div>\n\n\n\n<div class=\"wp-block-column is-layout-flow wp-block-column-is-layout-flow\" style=\"flex-basis:66.66%\">\n<h3 class=\"wp-block-heading\">Tout en innovant en permanence<\/h3>\n\n\n\n<ul class=\"wp-block-list\">\n<li>Au fil des ann\u00e9es, MATISSART a su r\u00e9pondre aux \u00e9volutions des technologies et aux besoins sp\u00e9cifiques de sa client\u00e8le. Une innovation r\u00e9guli\u00e8re due \u00e0 un <strong>bureau d&rsquo;\u00e9tudes int\u00e9gr\u00e9<\/strong>, la cr\u00e9ativit\u00e9 des op\u00e9rationnels et aux diff\u00e9rents partenariats technologiques que MATISSART a d\u00e9velopp\u00e9 au fil du temps avec <strong>ses fournisseurs, les universit\u00e9s et les grandes \u00e9coles.&nbsp;<\/strong><\/li>\n\n\n\n<li>Nos collaborateurs allient <strong>technologie et savoir-faire unique <\/strong>en vue d\u2019offrir la meilleure exp\u00e9rience client.<\/li>\n<\/ul>\n<\/div>\n<\/div>\n","protected":false},"excerpt":{"rendered":"<p>Des compagnons De multiples m\u00e9tiers Qui se transmettent des savoirs industriels et technologiques Tout en innovant en permanence<\/p>\n","protected":false},"author":1,"featured_media":0,"parent":387,"menu_order":0,"comment_status":"closed","ping_status":"closed","template":"","meta":{"_acf_changed":false,"inline_featured_image":false,"slim_seo":{"title":"Des femmes et des hommes d\u2019exception et d\u2019excellence - Matissart","description":"Des compagnons De multiples m\u00e9tiers Qui se transmettent des savoirs industriels et technologiques Tout en innovant en permanence"},"footnotes":""},"class_list":["post-837","page","type-page","status-publish","hentry"],"acf":[],"_links":{"self":[{"href":"https:\/\/matissart.com\/fr\/wp-json\/wp\/v2\/pages\/837","targetHints":{"allow":["GET"]}}],"collection":[{"href":"https:\/\/matissart.com\/fr\/wp-json\/wp\/v2\/pages"}],"about":[{"href":"https:\/\/matissart.com\/fr\/wp-json\/wp\/v2\/types\/page"}],"author":[{"embeddable":true,"href":"https:\/\/matissart.com\/fr\/wp-json\/wp\/v2\/users\/1"}],"replies":[{"embeddable":true,"href":"https:\/\/matissart.com\/fr\/wp-json\/wp\/v2\/comments?post=837"}],"version-history":[{"count":25,"href":"https:\/\/matissart.com\/fr\/wp-json\/wp\/v2\/pages\/837\/revisions"}],"predecessor-version":[{"id":2570,"href":"https:\/\/matissart.com\/fr\/wp-json\/wp\/v2\/pages\/837\/revisions\/2570"}],"up":[{"embeddable":true,"href":"https:\/\/matissart.com\/fr\/wp-json\/wp\/v2\/pages\/387"}],"wp:attachment":[{"href":"https:\/\/matissart.com\/fr\/wp-json\/wp\/v2\/media?parent=837"}],"curies":[{"name":"wp","href":"https:\/\/api.w.org\/{rel}","templated":true}]}}